{"id":8856,"date":"2021-11-04T17:32:42","date_gmt":"2021-11-04T17:32:42","guid":{"rendered":"http:\/\/dummy.xtemos.com\/woodmart2\/elementor\/?page_id=8856"},"modified":"2026-02-11T13:40:08","modified_gmt":"2026-02-11T18:40:08","slug":"maintenance","status":"publish","type":"page","link":"https:\/\/drogavetmarket.com.pe\/?page_id=8856","title":{"rendered":"Maintenance"},"content":{"rendered":"\t\t<div data-elementor-type=\"wp-page\" data-elementor-id=\"8856\" class=\"elementor elementor-8856\" data-elementor-post-type=\"page\">\n\t\t\t\t<div class=\"wd-negative-gap elementor-element elementor-element-89f6d8a wd-section-stretch-content e-flex e-con-boxed e-con e-parent\" data-id=\"89f6d8a\" data-element_type=\"container\" data-e-type=\"container\">\n\t\t\t\t\t<div class=\"e-con-inner\">\n\t\t<div class=\"elementor-element elementor-element-a8278fe color-scheme-light e-con-full e-flex e-con e-child\" data-id=\"a8278fe\" data-element_type=\"container\" data-e-type=\"container\" data-settings=\"{&quot;background_background&quot;:&quot;classic&quot;}\">\n\t\t\t\t<div class=\"elementor-element elementor-element-4b6dfed wd-width-100 elementor-widget elementor-widget-wd_title\" data-id=\"4b6dfed\" data-element_type=\"widget\" data-e-type=\"widget\" data-widget_type=\"wd_title.default\">\n\t\t\t\t<div class=\"elementor-widget-container\">\n\t\t\t\t\t\t\t<div class=\"title-wrapper wd-set-mb reset-last-child wd-title-color-primary wd-title-style-default wd-title-size-default text-center\">\n\n\t\t\t\t\t\t\t\t\t\t\t<div class=\"title-subtitle subtitle-color-primary subtitle-style-default wd-fontsize-xs\">\n\t\t\t\t\tNos estamos renovando\t\t\t\t<\/div>\n\t\t\t\n\t\t\t<div class=\"liner-continer\">\n\t\t\t\t<h4 class=\"woodmart-title-container title wd-fontsize-l\">Muy pronto<\/h4> \n\t\t\t\t\t\t\t<\/div>\n\n\t\t\t\t\t\t\t<div class=\"title-after_title reset-last-child wd-fontsize-xs\">\n\t\t\t\t\t<p>En Drogavet Market estamos trabajando en la mejora de nuestra web para brindarte una mejor experiencia, m\u00e1s productos y un servicio m\u00e1s \u00e1gil. Muy pronto estaremos nuevamente en l\u00ednea con novedades y beneficios para ti.<br \/>Gracias por tu paciencia y preferencia.<\/p>\t\t\t\t<\/div>\n\t\t\t\t\t<\/div>\n\t\t\t\t\t\t<\/div>\n\t\t\t\t<\/div>\n\t\t\t\t<div class=\"elementor-element elementor-element-fda8b63 elementor-widget elementor-widget-wd_countdown_timer\" data-id=\"fda8b63\" data-element_type=\"widget\" data-e-type=\"widget\" data-widget_type=\"wd_countdown_timer.default\">\n\t\t\t\t<div class=\"elementor-widget-container\">\n\t\t\t\t\t\t\t<div class=\"wd-countdown-timer color-scheme-light text-center\">\n\t\t\t<div class=\"wd-timer wd-size-large    \" data-end-date=\"2026-02-28 00:00\" data-timezone=\"GMT\" data-hide-on-finish=\"yes\">\n\t\t\t\t<span class=\"wd-item wd-timer-days\">\n\t\t\t\t\t<span class=\"wd-timer-value\">\n\t\t\t\t\t\t0\n\t\t\t\t\t<\/span>\n\t\t\t\t\t<span class=\"wd-timer-text\">\n\t\t\t\t\t\td\u00edas\t\t\t\t\t<\/span>\n\t\t\t\t<\/span>\n\t\t\t\t\t\t\t\t<span class=\"wd-item wd-timer-hours\">\n\t\t\t\t\t<span class=\"wd-timer-value\">\n\t\t\t\t\t\t00\n\t\t\t\t\t<\/span>\n\t\t\t\t\t<span class=\"wd-timer-text\">\n\t\t\t\t\t\thr\t\t\t\t\t<\/span>\n\t\t\t\t<\/span>\n\t\t\t\t\t\t\t\t<span class=\"wd-item wd-timer-min\">\n\t\t\t\t\t<span class=\"wd-timer-value\">\n\t\t\t\t\t\t00\n\t\t\t\t\t<\/span>\n\t\t\t\t\t<span class=\"wd-timer-text\">\n\t\t\t\t\t\tmin\t\t\t\t\t<\/span>\n\t\t\t\t<\/span>\n\t\t\t\t\t\t\t\t<span class=\"wd-item wd-timer-sec\">\n\t\t\t\t\t<span class=\"wd-timer-value\">\n\t\t\t\t\t\t00\n\t\t\t\t\t<\/span>\n\t\t\t\t\t<span class=\"wd-timer-text\">\n\t\t\t\t\t\tsg\t\t\t\t\t<\/span>\n\t\t\t\t<\/span>\n\t\t\t<\/div>\n\t\t<\/div>\n\t\t\t\t\t\t<\/div>\n\t\t\t\t<\/div>\n\t\t\t\t<\/div>\n\t\t<div class=\"elementor-element elementor-element-0fb713e e-con-full e-flex e-con e-child\" data-id=\"0fb713e\" data-element_type=\"container\" data-e-type=\"container\" data-settings=\"{&quot;background_background&quot;:&quot;classic&quot;}\">\n\t\t\t\t<\/div>\n\t\t\t\t\t<\/div>\n\t\t\t\t<\/div>\n\t\t\t\t<\/div>\n\t\t","protected":false},"excerpt":{"rendered":"<p>Nos estamos renovando Muy pronto En Drogavet Market estamos trabajando en la mejora de nuestra web para brindarte una mejor<\/p>\n","protected":false},"author":1,"featured_media":0,"parent":0,"menu_order":0,"comment_status":"closed","ping_status":"closed","template":"maintenance.php","meta":{"footnotes":""},"class_list":["post-8856","page","type-page","status-publish","hentry"],"yoast_head":"<!-- This site is optimized with the Yoast SEO Premium plugin v26.8 (Yoast SEO v27.0) - https:\/\/yoast.com\/product\/yoast-seo-premium-wordpress\/ -->\n<title>Maintenance - Drogaver Market<\/title>\n<meta name=\"robots\" content=\"noindex, follow, max-snippet:-1, max-image-preview:large, max-video-preview:-1\" \/>\n<meta property=\"og:locale\" content=\"es_ES\" \/>\n<meta property=\"og:type\" content=\"article\" \/>\n<meta property=\"og:title\" content=\"Maintenance\" \/>\n<meta property=\"og:description\" content=\"Nos estamos renovando Muy pronto En Drogavet Market estamos trabajando en la mejora de nuestra web para brindarte una mejor\" \/>\n<meta property=\"og:url\" content=\"https:\/\/drogavetmarket.com.pe\/?page_id=8856\" \/>\n<meta property=\"og:site_name\" content=\"Drogaver Market\" \/>\n<meta property=\"article:modified_time\" content=\"2026-02-11T18:40:08+00:00\" \/>\n<meta name=\"twitter:card\" content=\"summary_large_image\" \/>\n<script type=\"application\/ld+json\" class=\"yoast-schema-graph\">{\"@context\":\"https:\/\/schema.org\",\"@graph\":[{\"@type\":\"WebPage\",\"@id\":\"https:\/\/drogavetmarket.com.pe\/?page_id=8856\",\"url\":\"https:\/\/drogavetmarket.com.pe\/?page_id=8856\",\"name\":\"Maintenance - Drogaver Market\",\"isPartOf\":{\"@id\":\"https:\/\/drogavetmarket.com.pe\/#website\"},\"datePublished\":\"2021-11-04T17:32:42+00:00\",\"dateModified\":\"2026-02-11T18:40:08+00:00\",\"breadcrumb\":{\"@id\":\"https:\/\/drogavetmarket.com.pe\/?page_id=8856#breadcrumb\"},\"inLanguage\":\"es-PE\",\"potentialAction\":[{\"@type\":\"ReadAction\",\"target\":[\"https:\/\/drogavetmarket.com.pe\/?page_id=8856\"]}]},{\"@type\":\"BreadcrumbList\",\"@id\":\"https:\/\/drogavetmarket.com.pe\/?page_id=8856#breadcrumb\",\"itemListElement\":[{\"@type\":\"ListItem\",\"position\":1,\"name\":\"Portada\",\"item\":\"https:\/\/drogavetmarket.com.pe\/\"},{\"@type\":\"ListItem\",\"position\":2,\"name\":\"Maintenance\"}]},{\"@type\":\"WebSite\",\"@id\":\"https:\/\/drogavetmarket.com.pe\/#website\",\"url\":\"https:\/\/drogavetmarket.com.pe\/\",\"name\":\"Drogaver Market\",\"description\":\"\",\"potentialAction\":[{\"@type\":\"SearchAction\",\"target\":{\"@type\":\"EntryPoint\",\"urlTemplate\":\"https:\/\/drogavetmarket.com.pe\/?s={search_term_string}\"},\"query-input\":{\"@type\":\"PropertyValueSpecification\",\"valueRequired\":true,\"valueName\":\"search_term_string\"}}],\"inLanguage\":\"es-PE\"}]}<\/script>\n<!-- \/ Yoast SEO Premium plugin. -->","yoast_head_json":{"title":"Maintenance - Drogaver Market","robots":{"index":"noindex","follow":"follow","max-snippet":"max-snippet:-1","max-image-preview":"max-image-preview:large","max-video-preview":"max-video-preview:-1"},"og_locale":"es_ES","og_type":"article","og_title":"Maintenance","og_description":"Nos estamos renovando Muy pronto En Drogavet Market estamos trabajando en la mejora de nuestra web para brindarte una mejor","og_url":"https:\/\/drogavetmarket.com.pe\/?page_id=8856","og_site_name":"Drogaver Market","article_modified_time":"2026-02-11T18:40:08+00:00","twitter_card":"summary_large_image","schema":{"@context":"https:\/\/schema.org","@graph":[{"@type":"WebPage","@id":"https:\/\/drogavetmarket.com.pe\/?page_id=8856","url":"https:\/\/drogavetmarket.com.pe\/?page_id=8856","name":"Maintenance - Drogaver Market","isPartOf":{"@id":"https:\/\/drogavetmarket.com.pe\/#website"},"datePublished":"2021-11-04T17:32:42+00:00","dateModified":"2026-02-11T18:40:08+00:00","breadcrumb":{"@id":"https:\/\/drogavetmarket.com.pe\/?page_id=8856#breadcrumb"},"inLanguage":"es-PE","potentialAction":[{"@type":"ReadAction","target":["https:\/\/drogavetmarket.com.pe\/?page_id=8856"]}]},{"@type":"BreadcrumbList","@id":"https:\/\/drogavetmarket.com.pe\/?page_id=8856#breadcrumb","itemListElement":[{"@type":"ListItem","position":1,"name":"Portada","item":"https:\/\/drogavetmarket.com.pe\/"},{"@type":"ListItem","position":2,"name":"Maintenance"}]},{"@type":"WebSite","@id":"https:\/\/drogavetmarket.com.pe\/#website","url":"https:\/\/drogavetmarket.com.pe\/","name":"Drogaver Market","description":"","potentialAction":[{"@type":"SearchAction","target":{"@type":"EntryPoint","urlTemplate":"https:\/\/drogavetmarket.com.pe\/?s={search_term_string}"},"query-input":{"@type":"PropertyValueSpecification","valueRequired":true,"valueName":"search_term_string"}}],"inLanguage":"es-PE"}]}},"_links":{"self":[{"href":"https:\/\/drogavetmarket.com.pe\/index.php?rest_route=\/wp\/v2\/pages\/8856","targetHints":{"allow":["GET"]}}],"collection":[{"href":"https:\/\/drogavetmarket.com.pe\/index.php?rest_route=\/wp\/v2\/pages"}],"about":[{"href":"https:\/\/drogavetmarket.com.pe\/index.php?rest_route=\/wp\/v2\/types\/page"}],"author":[{"embeddable":true,"href":"https:\/\/drogavetmarket.com.pe\/index.php?rest_route=\/wp\/v2\/users\/1"}],"replies":[{"embeddable":true,"href":"https:\/\/drogavetmarket.com.pe\/index.php?rest_route=%2Fwp%2Fv2%2Fcomments&post=8856"}],"version-history":[{"count":13,"href":"https:\/\/drogavetmarket.com.pe\/index.php?rest_route=\/wp\/v2\/pages\/8856\/revisions"}],"predecessor-version":[{"id":8874,"href":"https:\/\/drogavetmarket.com.pe\/index.php?rest_route=\/wp\/v2\/pages\/8856\/revisions\/8874"}],"wp:attachment":[{"href":"https:\/\/drogavetmarket.com.pe\/index.php?rest_route=%2Fwp%2Fv2%2Fmedia&parent=8856"}],"curies":[{"name":"wp","href":"https:\/\/api.w.org\/{rel}","templated":true}]}}